{"id":579,"date":"2023-12-02T16:42:57","date_gmt":"2023-12-02T19:42:57","guid":{"rendered":"https:\/\/andorinhacultural.com.br\/?page_id=579"},"modified":"2023-12-02T16:42:57","modified_gmt":"2023-12-02T19:42:57","slug":"patrocine","status":"publish","type":"page","link":"https:\/\/andorinhacultural.com.br\/index.php\/patrocine\/","title":{"rendered":"Patrocine"},"content":{"rendered":"\n<p>O &#8220;Arte e Cultura no Parque das Andorinhas&#8221; est\u00e1 aprovado na Lei Federal de Incentivo \u00e0 Cultura no artigo 18, podendo ser deduzido 100% do valor patrocinado.<\/p>\n\n\n\n<p>O projeto consiste em atividades art\u00edsticas e \u00e1rea de lazer aos moradores de Ouro Preto e tamb\u00e9m aos turistas, sendo mais um atrativo para a cidade, de forma a contribuir para a amplia\u00e7\u00e3o do n\u00famero de visitantes e frequentadores do Parque das Andorinhas, que abriga a nascente principal do Rio das Velhas. Na programa\u00e7\u00e3o do parque, teremos Choro das Andorinhas, Andorinha Instrumental, Teatro das Andorinhas e Canto da Andorinha. Como contrapartida social, ser\u00e3o realizadas 7 (sete) oficinas de arte e cultura para crian\u00e7as das escolas p\u00fablicas.<\/p>\n\n\n\n<p>Pronac: 221619<\/p>\n\n\n\n<p>Contato: gilson@holofotecultural.com.br<\/p>\n","protected":false},"excerpt":{"rendered":"<p>O &#8220;Arte e Cultura no Parque das Andorinhas&#8221; est\u00e1 aprovado na Lei Federal de Incentivo \u00e0 Cultura no artigo 18, podendo ser deduzido 100% do valor patrocinado. O projeto consiste&#8230;<\/p>\n","protected":false},"author":1,"featured_media":0,"parent":0,"menu_order":0,"comment_status":"closed","ping_status":"closed","template":"","meta":{"footnotes":""},"yoast_head":"<!-- This site is optimized with the Yoast SEO plugin v23.0 - https:\/\/yoast.com\/wordpress\/plugins\/seo\/ -->\n<title>Patrocine - Arte e Cultura no Parque das Andorinhas<\/title>\n<meta name=\"description\" content=\"O projeto &quot;Arte e Cultura no Parque das Andorinhas&quot;est\u00e1 aprovado na Lei Federal de Incentivo \u00e0 Cultura no artigo 18.\" \/>\n<meta name=\"robots\" content=\"index, follow, max-snippet:-1, max-image-preview:large, max-video-preview:-1\" \/>\n<link rel=\"canonical\" href=\"https:\/\/andorinhacultural.com.br\/index.php\/patrocine\/\" \/>\n<meta property=\"og:locale\" content=\"pt_BR\" \/>\n<meta property=\"og:type\" content=\"article\" \/>\n<meta property=\"og:title\" content=\"Patrocine - Arte e Cultura no Parque das Andorinhas\" \/>\n<meta property=\"og:description\" content=\"O projeto &quot;Arte e Cultura no Parque das Andorinhas&quot;est\u00e1 aprovado na Lei Federal de Incentivo \u00e0 Cultura no artigo 18.\" \/>\n<meta property=\"og:url\" content=\"https:\/\/andorinhacultural.com.br\/index.php\/patrocine\/\" \/>\n<meta property=\"og:site_name\" content=\"Arte e Cultura no Parque das Andorinhas\" \/>\n<meta name=\"twitter:card\" content=\"summary_large_image\" \/>\n<meta name=\"twitter:label1\" content=\"Est. tempo de leitura\" \/>\n\t<meta name=\"twitter:data1\" content=\"1 minuto\" \/>\n<script type=\"application\/ld+json\" class=\"yoast-schema-graph\">{\"@context\":\"https:\/\/schema.org\",\"@graph\":[{\"@type\":\"WebPage\",\"@id\":\"https:\/\/andorinhacultural.com.br\/index.php\/patrocine\/\",\"url\":\"https:\/\/andorinhacultural.com.br\/index.php\/patrocine\/\",\"name\":\"Patrocine - Arte e Cultura no Parque das Andorinhas\",\"isPartOf\":{\"@id\":\"https:\/\/andorinhacultural.com.br\/#website\"},\"datePublished\":\"2023-12-02T19:42:57+00:00\",\"dateModified\":\"2023-12-02T19:42:57+00:00\",\"description\":\"O projeto \\\"Arte e Cultura no Parque das Andorinhas\\\"est\u00e1 aprovado na Lei Federal de Incentivo \u00e0 Cultura no artigo 18.\",\"breadcrumb\":{\"@id\":\"https:\/\/andorinhacultural.com.br\/index.php\/patrocine\/#breadcrumb\"},\"inLanguage\":\"pt-BR\",\"potentialAction\":[{\"@type\":\"ReadAction\",\"target\":[\"https:\/\/andorinhacultural.com.br\/index.php\/patrocine\/\"]}]},{\"@type\":\"BreadcrumbList\",\"@id\":\"https:\/\/andorinhacultural.com.br\/index.php\/patrocine\/#breadcrumb\",\"itemListElement\":[{\"@type\":\"ListItem\",\"position\":1,\"name\":\"Home\",\"item\":\"https:\/\/andorinhacultural.com.br\/\"},{\"@type\":\"ListItem\",\"position\":2,\"name\":\"Patrocine\"}]},{\"@type\":\"WebSite\",\"@id\":\"https:\/\/andorinhacultural.com.br\/#website\",\"url\":\"https:\/\/andorinhacultural.com.br\/\",\"name\":\"Arte e Cultura no Parque das Andorinhas\",\"description\":\"\",\"publisher\":{\"@id\":\"https:\/\/andorinhacultural.com.br\/#organization\"},\"potentialAction\":[{\"@type\":\"SearchAction\",\"target\":{\"@type\":\"EntryPoint\",\"urlTemplate\":\"https:\/\/andorinhacultural.com.br\/?s={search_term_string}\"},\"query-input\":\"required name=search_term_string\"}],\"inLanguage\":\"pt-BR\"},{\"@type\":\"Organization\",\"@id\":\"https:\/\/andorinhacultural.com.br\/#organization\",\"name\":\"Arte e Cultura no Parque das Andorinhas\",\"url\":\"https:\/\/andorinhacultural.com.br\/\",\"logo\":{\"@type\":\"ImageObject\",\"inLanguage\":\"pt-BR\",\"@id\":\"https:\/\/andorinhacultural.com.br\/#\/schema\/logo\/image\/\",\"url\":\"https:\/\/andorinhacultural.com.br\/wp-content\/uploads\/2026\/02\/cropped-logo_parque_andorinhas-300x180-1.png\",\"contentUrl\":\"https:\/\/andorinhacultural.com.br\/wp-content\/uploads\/2026\/02\/cropped-logo_parque_andorinhas-300x180-1.png\",\"width\":300,\"height\":180,\"caption\":\"Arte e Cultura no Parque das Andorinhas\"},\"image\":{\"@id\":\"https:\/\/andorinhacultural.com.br\/#\/schema\/logo\/image\/\"}}]}<\/script>\n<!-- \/ Yoast SEO plugin. -->","yoast_head_json":{"title":"Patrocine - Arte e Cultura no Parque das Andorinhas","description":"O projeto \"Arte e Cultura no Parque das Andorinhas\"est\u00e1 aprovado na Lei Federal de Incentivo \u00e0 Cultura no artigo 18.","robots":{"index":"index","follow":"follow","max-snippet":"max-snippet:-1","max-image-preview":"max-image-preview:large","max-video-preview":"max-video-preview:-1"},"canonical":"https:\/\/andorinhacultural.com.br\/index.php\/patrocine\/","og_locale":"pt_BR","og_type":"article","og_title":"Patrocine - Arte e Cultura no Parque das Andorinhas","og_description":"O projeto \"Arte e Cultura no Parque das Andorinhas\"est\u00e1 aprovado na Lei Federal de Incentivo \u00e0 Cultura no artigo 18.","og_url":"https:\/\/andorinhacultural.com.br\/index.php\/patrocine\/","og_site_name":"Arte e Cultura no Parque das Andorinhas","twitter_card":"summary_large_image","twitter_misc":{"Est. tempo de leitura":"1 minuto"},"schema":{"@context":"https:\/\/schema.org","@graph":[{"@type":"WebPage","@id":"https:\/\/andorinhacultural.com.br\/index.php\/patrocine\/","url":"https:\/\/andorinhacultural.com.br\/index.php\/patrocine\/","name":"Patrocine - Arte e Cultura no Parque das Andorinhas","isPartOf":{"@id":"https:\/\/andorinhacultural.com.br\/#website"},"datePublished":"2023-12-02T19:42:57+00:00","dateModified":"2023-12-02T19:42:57+00:00","description":"O projeto \"Arte e Cultura no Parque das Andorinhas\"est\u00e1 aprovado na Lei Federal de Incentivo \u00e0 Cultura no artigo 18.","breadcrumb":{"@id":"https:\/\/andorinhacultural.com.br\/index.php\/patrocine\/#breadcrumb"},"inLanguage":"pt-BR","potentialAction":[{"@type":"ReadAction","target":["https:\/\/andorinhacultural.com.br\/index.php\/patrocine\/"]}]},{"@type":"BreadcrumbList","@id":"https:\/\/andorinhacultural.com.br\/index.php\/patrocine\/#breadcrumb","itemListElement":[{"@type":"ListItem","position":1,"name":"Home","item":"https:\/\/andorinhacultural.com.br\/"},{"@type":"ListItem","position":2,"name":"Patrocine"}]},{"@type":"WebSite","@id":"https:\/\/andorinhacultural.com.br\/#website","url":"https:\/\/andorinhacultural.com.br\/","name":"Arte e Cultura no Parque das Andorinhas","description":"","publisher":{"@id":"https:\/\/andorinhacultural.com.br\/#organization"},"potentialAction":[{"@type":"SearchAction","target":{"@type":"EntryPoint","urlTemplate":"https:\/\/andorinhacultural.com.br\/?s={search_term_string}"},"query-input":"required name=search_term_string"}],"inLanguage":"pt-BR"},{"@type":"Organization","@id":"https:\/\/andorinhacultural.com.br\/#organization","name":"Arte e Cultura no Parque das Andorinhas","url":"https:\/\/andorinhacultural.com.br\/","logo":{"@type":"ImageObject","inLanguage":"pt-BR","@id":"https:\/\/andorinhacultural.com.br\/#\/schema\/logo\/image\/","url":"https:\/\/andorinhacultural.com.br\/wp-content\/uploads\/2026\/02\/cropped-logo_parque_andorinhas-300x180-1.png","contentUrl":"https:\/\/andorinhacultural.com.br\/wp-content\/uploads\/2026\/02\/cropped-logo_parque_andorinhas-300x180-1.png","width":300,"height":180,"caption":"Arte e Cultura no Parque das Andorinhas"},"image":{"@id":"https:\/\/andorinhacultural.com.br\/#\/schema\/logo\/image\/"}}]}},"_links":{"self":[{"href":"https:\/\/andorinhacultural.com.br\/index.php\/wp-json\/wp\/v2\/pages\/579"}],"collection":[{"href":"https:\/\/andorinhacultural.com.br\/index.php\/wp-json\/wp\/v2\/pages"}],"about":[{"href":"https:\/\/andorinhacultural.com.br\/index.php\/wp-json\/wp\/v2\/types\/page"}],"author":[{"embeddable":true,"href":"https:\/\/andorinhacultural.com.br\/index.php\/wp-json\/wp\/v2\/users\/1"}],"replies":[{"embeddable":true,"href":"https:\/\/andorinhacultural.com.br\/index.php\/wp-json\/wp\/v2\/comments?post=579"}],"version-history":[{"count":1,"href":"https:\/\/andorinhacultural.com.br\/index.php\/wp-json\/wp\/v2\/pages\/579\/revisions"}],"predecessor-version":[{"id":580,"href":"https:\/\/andorinhacultural.com.br\/index.php\/wp-json\/wp\/v2\/pages\/579\/revisions\/580"}],"wp:attachment":[{"href":"https:\/\/andorinhacultural.com.br\/index.php\/wp-json\/wp\/v2\/media?parent=579"}],"curies":[{"name":"wp","href":"https:\/\/api.w.org\/{rel}","templated":true}]}}